{"id":73,"date":"2016-02-09T15:43:09","date_gmt":"2016-02-09T13:43:09","guid":{"rendered":"http:\/\/wp.alexandre-mesle.com\/?page_id=73"},"modified":"2018-08-27T09:34:40","modified_gmt":"2018-08-27T07:34:40","slug":"informatique","status":"publish","type":"page","link":"https:\/\/www.alexandre-mesle.com\/index.php\/informatique\/","title":{"rendered":"Informatique"},"content":{"rendered":"<!-- Beginning of Link Library Output --><div id='linklist1' class='linklist'><!-- Div Linklist -->\n<div class=\"LinkLibraryCat LinkLibraryCat34 level0\"><!-- Div Category --><div id=\"informatique\"><!-- Div Category Name --><div class=\"linklistcatname\"><!-- Div Cat Name --><span class=\"linklistcatclass\">Informatique<\/span><\/div><!-- DivOrHeader --><\/div><!-- Div Category Name --><table>\n\t<table class='linklisttable'>\n<tr><td><a href=\"http:\/\/cermics.enpc.fr\/polys\/info1-98\" id=\"link-429\" class=\"track_this_link \" rel=\"noopener noreferrer\" title=\"Algos \u00e0 gogo\"><img decoding=\"async\" src=\"https:\/\/www.robothumb.com\/src\/?url=http:\/\/cermics.enpc.fr\/polys\/info1-98&size=120x90\"\/><\/a><\/td><td><a href=\"http:\/\/cermics.enpc.fr\/polys\/info1-98\" id=\"link-429\" class=\"track_this_link \" rel=\"noopener noreferrer\">Algos \u00e0 gogo<\/a>\nDes algos \u00e0 gogo dans le cours de programmation de Ren\u00e9 Lalement.<\/d><\/tr>\n<tr><td><a href=\"http:\/\/lumimath.univ-mrs.fr\/~zeller\/\" id=\"link-432\" class=\"track_this_link \" rel=\"noopener noreferrer\" title=\"Analyse et d\u2019alg\u00e8bre\"><img decoding=\"async\" src=\"https:\/\/www.robothumb.com\/src\/?url=http:\/\/lumimath.univ-mrs.fr\/~zeller\/&size=120x90\"\/><\/a><\/td><td><a href=\"http:\/\/lumimath.univ-mrs.fr\/~zeller\/\" id=\"link-432\" class=\"track_this_link \" rel=\"noopener noreferrer\">Analyse et d\u2019alg\u00e8bre<\/a>\nDes cours d\u2019analyse et d\u2019alg\u00e8bre par G. Zeller-Meier.<\/d><\/tr>\n<tr><td><a href=\"http:\/\/www.pctools.com\/guides\/password\/\" id=\"link-421\" class=\"track_this_link \" rel=\"noopener noreferrer\" title=\"G\u00e9n\u00e9rateur de mot de passe\"><img decoding=\"async\" src=\"https:\/\/www.robothumb.com\/src\/?url=http:\/\/www.pctools.com\/guides\/password\/&size=120x90\"\/><\/a><\/td><td><a href=\"http:\/\/www.pctools.com\/guides\/password\/\" id=\"link-421\" class=\"track_this_link \" rel=\"noopener noreferrer\">G\u00e9n\u00e9rateur de mot de passe<\/a>\nPour g\u00e9n\u00e9rer des mots de passes atroces...<\/d><\/tr>\n<tr><td><a href=\"http:\/\/openpgp.vie-privee.org\/\" id=\"link-422\" class=\"track_this_link \" rel=\"noopener noreferrer\" title=\"GPG\"><img decoding=\"async\" src=\"https:\/\/www.robothumb.com\/src\/?url=http:\/\/openpgp.vie-privee.org\/&size=120x90\"\/><\/a><\/td><td><a href=\"http:\/\/openpgp.vie-privee.org\/\" id=\"link-422\" class=\"track_this_link \" rel=\"noopener noreferrer\">GPG<\/a>\nLe logiciel Gnu Privacy Guard permet de chiffrer les e-mails ou tout autre document. Il est sous licence GNU, donc totalement libre d\u2019utilisation, m\u00eame commerciale.<\/d><\/tr>\n<tr><td><a href=\"http:\/\/www.cacr.math.uwaterloo.ca\/hac\/\" id=\"link-427\" class=\"track_this_link \" rel=\"noopener noreferrer\" title=\"http:\/\/www.cacr.math.uwaterloo.ca\/hac\/\"><img decoding=\"async\" src=\"https:\/\/www.robothumb.com\/src\/?url=http:\/\/www.cacr.math.uwaterloo.ca\/hac\/&size=120x90\"\/><\/a><\/td><td><a href=\"http:\/\/www.cacr.math.uwaterloo.ca\/hac\/\" id=\"link-427\" class=\"track_this_link \" rel=\"noopener noreferrer\">http:\/\/www.cacr.math.uwaterloo.ca\/hac\/<\/a>\nDe nombreux extraits du fameux Handbook of Applied Cryptography sont disponibles gratuitement.<\/d><\/tr>\n<tr><td><a href=\"http:\/\/www.les-mathematiques.net\/\" id=\"link-434\" class=\"track_this_link \" rel=\"noopener noreferrer\" title=\"Les math\u00e9matiques point net\"><img decoding=\"async\" src=\"https:\/\/www.robothumb.com\/src\/?url=http:\/\/www.les-mathematiques.net\/&size=120x90\"\/><\/a><\/td><td><a href=\"http:\/\/www.les-mathematiques.net\/\" id=\"link-434\" class=\"track_this_link \" rel=\"noopener noreferrer\">Les math\u00e9matiques point net<\/a>\nUn site \u00e9norme avec plein de cours d\u2019analyse et d\u2019alg\u00e8bre<\/d><\/tr>\n<tr><td><a href=\"http:\/\/www.siteduzero.com\/\" id=\"link-430\" class=\"track_this_link \" rel=\"noopener noreferrer\" title=\"Open Classrooms\"><img decoding=\"async\" src=\"https:\/\/www.robothumb.com\/src\/?url=http:\/\/www.siteduzero.com\/&size=120x90\"\/><\/a><\/td><td><a href=\"http:\/\/www.siteduzero.com\/\" id=\"link-430\" class=\"track_this_link \" rel=\"noopener noreferrer\">Open Classrooms<\/a>\nOpenclassrooms (anciennement Le Site du Z\u00e9ro) met en ligne plein de tutoriaux tr\u00e8s clairs et accessible \u00e0 des d\u00e9butants.<\/d><\/tr>\n<tr><td><a href=\"http:\/\/riot.ieor.berkeley.edu\/riot\/index.html\" id=\"link-424\" class=\"track_this_link \" rel=\"noopener noreferrer\" title=\"Optimisation combinatoire\"><img decoding=\"async\" src=\"https:\/\/www.robothumb.com\/src\/?url=http:\/\/riot.ieor.berkeley.edu\/riot\/index.html&size=120x90\"\/><\/a><\/td><td><a href=\"http:\/\/riot.ieor.berkeley.edu\/riot\/index.html\" id=\"link-424\" class=\"track_this_link \" rel=\"noopener noreferrer\">Optimisation combinatoire<\/a>\nPleins de logiciels d\u2019optimisation combinatoire.<\/d><\/tr>\n<tr><td><a href=\"http:\/\/infiniment.free.fr\/index.php\" id=\"link-433\" class=\"track_this_link \" rel=\"noopener noreferrer\" title=\"Plein de maths\"><img decoding=\"async\" src=\"https:\/\/www.robothumb.com\/src\/?url=http:\/\/infiniment.free.fr\/index.php&size=120x90\"\/><\/a><\/td><td><a href=\"http:\/\/infiniment.free.fr\/index.php\" id=\"link-433\" class=\"track_this_link \" rel=\"noopener noreferrer\">Plein de maths<\/a>\nLe site Jean-Michel Bernabotto, pleins de cours de maths, des exos presques tous corrig\u00e9s, et un logiciel pour tracer des courbes et des surfaces.<\/d><\/tr>\n<tr><td><a href=\"http:\/\/pbil.univ-lyon1.fr\/R\/html\/barhen.html\" id=\"link-431\" class=\"track_this_link \" rel=\"noopener noreferrer\" title=\"Probabilit\u00e9s et statistiques\"><img decoding=\"async\" src=\"https:\/\/www.robothumb.com\/src\/?url=http:\/\/pbil.univ-lyon1.fr\/R\/html\/barhen.html&size=120x90\"\/><\/a><\/td><td><a href=\"http:\/\/pbil.univ-lyon1.fr\/R\/html\/barhen.html\" id=\"link-431\" class=\"track_this_link \" rel=\"noopener noreferrer\">Probabilit\u00e9s et statistiques<\/a>\nDes cours de probabilit\u00e9s et statistiques par Avner Bar-Hen.<\/d><\/tr>\n<tr><td><a href=\"#\" id=\"link-425\" class=\"track_this_link \" rel=\"noopener noreferrer\" title=\"Recherche op\u00e9rationnelle\"><img decoding=\"async\" src=\"https:\/\/www.robothumb.com\/src\/?url=http:\/\/www.tutor.ms.unimelb.edu.au\/&size=120x90\"\/><\/a><\/td><td><a href=\"http:\/\/www.tutor.ms.unimelb.edu.au\/\" id=\"link-425\" class=\"track_this_link \" rel=\"noopener noreferrer\">Recherche op\u00e9rationnelle<\/a>\nUn tutoriel de recherche op\u00e9rationnelle plut\u00f4t convivial, en anglais.<\/d><\/tr>\n<tr><td><a href=\"http:\/\/www-igm.univ-mlv.fr\/~lecroq\/string\/index.html\" id=\"link-428\" class=\"track_this_link \" rel=\"noopener noreferrer\" title=\"Recherches de motifs\"><img decoding=\"async\" src=\"https:\/\/www.robothumb.com\/src\/?url=http:\/\/www-igm.univ-mlv.fr\/~lecroq\/string\/index.html&size=120x90\"\/><\/a><\/td><td><a href=\"http:\/\/www-igm.univ-mlv.fr\/~lecroq\/string\/index.html\" id=\"link-428\" class=\"track_this_link \" rel=\"noopener noreferrer\">Recherches de motifs<\/a>\nUn site tr\u00e8s complet sur les algorithmes de recherche de motifs<\/d><\/tr>\n<tr><td><a href=\"http:\/\/www.liafa.jussieu.fr\/~carton\/Enseignement\/Complexite\/MasterInfo\/Cours\/time.html\" id=\"link-426\" class=\"track_this_link \" rel=\"noopener noreferrer\" title=\"Th\u00e9orie de la complexit\u00e9\"><img decoding=\"async\" src=\"https:\/\/www.robothumb.com\/src\/?url=http:\/\/www.liafa.jussieu.fr\/~carton\/Enseignement\/Complexite\/MasterInfo\/Cours\/time.html&size=120x90\"\/><\/a><\/td><td><a href=\"http:\/\/www.liafa.jussieu.fr\/~carton\/Enseignement\/Complexite\/MasterInfo\/Cours\/time.html\" id=\"link-426\" class=\"track_this_link \" rel=\"noopener noreferrer\">Th\u00e9orie de la complexit\u00e9<\/a>\nUn cours de th\u00e9orie de la complexit\u00e9 plut\u00f4t clair, par un prof de Jussieu.<\/d><\/tr>\n<tr><td><a href=\"http:\/\/idmme06.inpg.fr\/~rapinec\/Graphe\/\" id=\"link-423\" class=\"track_this_link \" rel=\"noopener noreferrer\" title=\"Th\u00e9orie des graphes\"><img decoding=\"async\" src=\"https:\/\/www.robothumb.com\/src\/?url=http:\/\/idmme06.inpg.fr\/~rapinec\/Graphe\/&size=120x90\"\/><\/a><\/td><td><a href=\"http:\/\/idmme06.inpg.fr\/~rapinec\/Graphe\/\" id=\"link-423\" class=\"track_this_link \" rel=\"noopener noreferrer\">Th\u00e9orie des graphes<\/a>\nLe plus convivial des cours de th\u00e9orie des graphes.<\/d><\/tr>\n\t<\/table>\n<\/table><\/div><!-- Div End Category -->\n<div class=\"llthumbshotsnotice\"><a href=\"http:\/\/www.robothumb.com\" target=\"_blank\">Captures d'\u00e9cran par Robothumb<\/a><\/div><script data-jetpack-boost=\"ignore\" type='text\/javascript'>\njQuery(document).ready(function()\n{\njQuery('.arrow-up').hide();\njQuery('#linklist1 a.track_this_link').click(function() {\nlinkid = this.id;\nlinkid = linkid.substring(5);\npath = '';\njQuery.ajax( {    type: 'POST',    url: 'https:\/\/www.alexandre-mesle.com\/wp-admin\/admin-ajax.php',     data: { action: 'link_library_tracker',             _ajax_nonce: '885a5db7b8',             id:linkid, xpath:path }     });\nreturn true;\n});\njQuery('#linklist1 .expandlinks').click(function() {\ntarget = '.' + jQuery(this).attr('id');\nsubcattarget = '.' + jQuery(this).attr('data-subcat');\nif ( jQuery( target ).is(':visible') ) {\njQuery(target).slideUp();\njQuery(subcattarget).slideToggle();\njQuery(this).children('img').attr('src', 'https:\/\/www.alexandre-mesle.com\/wp-content\/plugins\/link-library\/icons\/expand-32.png');\n} else {\njQuery(target).slideDown();\njQuery(subcattarget).slideToggle();\njQuery(this).children('img').attr('src', 'https:\/\/www.alexandre-mesle.com\/wp-content\/plugins\/link-library\/icons\/collapse-32.png');\n}\n});\njQuery('#linklist1 .linklistcatclass').click(function() {\njQuery(this).siblings('.expandlinks').click();\n});\njQuery('#linklist1 .linklistcatnamedesc').click(function() {\njQuery(this).siblings('.expandlinks').click();\n});\n});\n<\/script>\n<\/div><!-- Div Linklist -->\n<!-- End of Link Library Output -->\n\n\n","protected":false},"excerpt":{"rendered":"","protected":false},"author":1,"featured_media":0,"parent":0,"menu_order":0,"comment_status":"closed","ping_status":"closed","template":"","meta":{"jetpack_post_was_ever_published":false,"footnotes":""},"class_list":["post-73","page","type-page","status-publish","hentry"],"jetpack_sharing_enabled":true,"jetpack_shortlink":"https:\/\/wp.me\/P8i9jg-1b","jetpack-related-posts":[],"_links":{"self":[{"href":"https:\/\/www.alexandre-mesle.com\/index.php\/wp-json\/wp\/v2\/pages\/73","targetHints":{"allow":["GET"]}}],"collection":[{"href":"https:\/\/www.alexandre-mesle.com\/index.php\/wp-json\/wp\/v2\/pages"}],"about":[{"href":"https:\/\/www.alexandre-mesle.com\/index.php\/wp-json\/wp\/v2\/types\/page"}],"author":[{"embeddable":true,"href":"https:\/\/www.alexandre-mesle.com\/index.php\/wp-json\/wp\/v2\/users\/1"}],"replies":[{"embeddable":true,"href":"https:\/\/www.alexandre-mesle.com\/index.php\/wp-json\/wp\/v2\/comments?post=73"}],"version-history":[{"count":5,"href":"https:\/\/www.alexandre-mesle.com\/index.php\/wp-json\/wp\/v2\/pages\/73\/revisions"}],"predecessor-version":[{"id":459,"href":"https:\/\/www.alexandre-mesle.com\/index.php\/wp-json\/wp\/v2\/pages\/73\/revisions\/459"}],"wp:attachment":[{"href":"https:\/\/www.alexandre-mesle.com\/index.php\/wp-json\/wp\/v2\/media?parent=73"}],"curies":[{"name":"wp","href":"https:\/\/api.w.org\/{rel}","templated":true}]}}