{"id":70,"date":"2016-02-09T15:39:27","date_gmt":"2016-02-09T13:39:27","guid":{"rendered":"http:\/\/wp.alexandre-mesle.com\/?page_id=70"},"modified":"2016-02-16T16:43:47","modified_gmt":"2016-02-16T14:43:47","slug":"mp3","status":"publish","type":"page","link":"https:\/\/www.alexandre-mesle.com\/index.php\/musique\/mp3\/","title":{"rendered":"Mp3"},"content":{"rendered":"<p>Voici quelques morceaux dans lesquels je joue du piano (ou de la basse).<\/p>\n<p><!--[playlist tracks=\"FEED:\/mp3\"]--><br \/>\n<!-- [sdy_pl playlist] --><br \/>\n<div class=\"cue-playlist-container\">\n<div class=\"cue-playlist cue-theme-default\" itemscope itemtype=\"http:\/\/schema.org\/MusicPlaylist\">\n\t\n\t<meta itemprop=\"numTracks\" content=\"5\" \/>\n\n\t<audio src=\"http:\/\/download.alexandre-mesle.com\/musique\/mp3\/caribe.mp3\" controls preload=\"none\" class=\"cue-audio\" style=\"width: 100%; height: auto\"><\/audio>\n\n\t<ol class=\"cue-tracks\">\n\t\t\t\t\t<li class=\"cue-track\" itemprop=\"track\" itemscope itemtype=\"http:\/\/schema.org\/MusicRecording\">\n\t\t\t\t\n\t\t\t\t<span class=\"cue-track-details cue-track-cell\">\n\t\t\t\t\t<span class=\"cue-track-title\" itemprop=\"name\">Caribe<\/span>\n\t\t\t\t\t<span class=\"cue-track-artist\" itemprop=\"byArtist\">Piano : Alexandre Mesl\u00e9, Fl\u00fbte : R\u00e9gis Moreau, Trompette : Nicolas Chatenet, Batterie : Morgan Sansous, Basse : David Laguarigue, Percussions : Benjamin Devers<\/span>\n\t\t\t\t<\/span>\n\n\t\t\t\t\n\t\t\t\t<span class=\"cue-track-length cue-track-cell\"><\/span>\n\n\t\t\t\t\t\t\t<\/li>\n\t\t\t\t\t<li class=\"cue-track\" itemprop=\"track\" itemscope itemtype=\"http:\/\/schema.org\/MusicRecording\">\n\t\t\t\t\n\t\t\t\t<span class=\"cue-track-details cue-track-cell\">\n\t\t\t\t\t<span class=\"cue-track-title\" itemprop=\"name\">Not Yet<\/span>\n\t\t\t\t\t<span class=\"cue-track-artist\" itemprop=\"byArtist\">Piano : Alexandre Mesl\u00e9, Basse : Sham Makdessi, Batterie : Morgan Sansous, Saxphone T\u00e9nor : R\u00e9gis Moreau, Saxophone alto : Ga\u00ebl Diatta, Trompette : Herv\u00e9 Rivi\u00e8re<\/span>\n\t\t\t\t<\/span>\n\n\t\t\t\t\n\t\t\t\t<span class=\"cue-track-length cue-track-cell\"><\/span>\n\n\t\t\t\t\t\t\t<\/li>\n\t\t\t\t\t<li class=\"cue-track\" itemprop=\"track\" itemscope itemtype=\"http:\/\/schema.org\/MusicRecording\">\n\t\t\t\t\n\t\t\t\t<span class=\"cue-track-details cue-track-cell\">\n\t\t\t\t\t<span class=\"cue-track-title\" itemprop=\"name\">D\u00e9mo Foogoo<\/span>\n\t\t\t\t\t<span class=\"cue-track-artist\" itemprop=\"byArtist\">Groupe d&#039;animation Foogoo, Batterie : Franck Salat, Chant : Laurence Nikolic et Guillaume Guidec, Basse : St\u00e9phane Nikolic, Guitare : Serge Merchez, Claviers : Alexandre Mesl\u00e9<\/span>\n\t\t\t\t<\/span>\n\n\t\t\t\t\n\t\t\t\t<span class=\"cue-track-length cue-track-cell\"><\/span>\n\n\t\t\t\t\t\t\t<\/li>\n\t\t\t\t\t<li class=\"cue-track\" itemprop=\"track\" itemscope itemtype=\"http:\/\/schema.org\/MusicRecording\">\n\t\t\t\t\n\t\t\t\t<span class=\"cue-track-details cue-track-cell\">\n\t\t\t\t\t<span class=\"cue-track-title\" itemprop=\"name\">Autumn Leaves<\/span>\n\t\t\t\t\t<span class=\"cue-track-artist\" itemprop=\"byArtist\">Saxophone : R\u00e9gis Moreau, Piano : Alexandre Mesl\u00e9<\/span>\n\t\t\t\t<\/span>\n\n\t\t\t\t\n\t\t\t\t<span class=\"cue-track-length cue-track-cell\"><\/span>\n\n\t\t\t\t\t\t\t<\/li>\n\t\t\t\t\t<li class=\"cue-track\" itemprop=\"track\" itemscope itemtype=\"http:\/\/schema.org\/MusicRecording\">\n\t\t\t\t\n\t\t\t\t<span class=\"cue-track-details cue-track-cell\">\n\t\t\t\t\t<span class=\"cue-track-title\" itemprop=\"name\">Someday my Prince Will Come<\/span>\n\t\t\t\t\t<span class=\"cue-track-artist\" itemprop=\"byArtist\">Saxophone : R\u00e9gis Moreau, Piano : Alexandre Mesl\u00e9<\/span>\n\t\t\t\t<\/span>\n\n\t\t\t\t\n\t\t\t\t<span class=\"cue-track-length cue-track-cell\"><\/span>\n\n\t\t\t\t\t\t\t<\/li>\n\t\t\t<\/ol>\n\n\t<\/div>\n\t\t<script data-jetpack-boost=\"ignore\" type=\"application\/json\" class=\"cue-playlist-data\">{\"embed_link\":\"https:\\\/\\\/www.alexandre-mesle.com\\\/?cue_embed=michel-camilo&cue_theme=default\",\"permalink\":\"https:\\\/\\\/www.alexandre-mesle.com\\\/?cue_playlist=michel-camilo\",\"skin\":\"cue-skin-default\",\"thumbnail\":\"\",\"tracks\":[{\"audioId\":0,\"audioUrl\":\"http:\\\/\\\/download.alexandre-mesle.com\\\/musique\\\/mp3\\\/caribe.mp3\",\"artist\":\"Piano : Alexandre Mesl\\u00e9, Fl\\u00fbte : R\\u00e9gis Moreau, Trompette : Nicolas Chatenet, Batterie : Morgan Sansous, Basse : David Laguarigue, Percussions : Benjamin Devers\",\"artworkId\":0,\"artworkUrl\":\"\",\"format\":\"\",\"length\":\"\",\"title\":\"Caribe\",\"order\":0,\"mp3\":\"http:\\\/\\\/download.alexandre-mesle.com\\\/musique\\\/mp3\\\/caribe.mp3\",\"meta\":{\"artist\":\"Piano : Alexandre Mesl\\u00e9, Fl\\u00fbte : R\\u00e9gis Moreau, Trompette : Nicolas Chatenet, Batterie : Morgan Sansous, Basse : David Laguarigue, Percussions : Benjamin Devers\",\"length_formatted\":\"\"},\"src\":\"http:\\\/\\\/download.alexandre-mesle.com\\\/musique\\\/mp3\\\/caribe.mp3\",\"thumb\":{\"src\":\"\"}},{\"audioId\":0,\"audioUrl\":\"http:\\\/\\\/download.alexandre-mesle.com\\\/musique\\\/mp3\\\/notYet.mp3\",\"artist\":\"Piano : Alexandre Mesl\\u00e9, Basse : Sham Makdessi, Batterie : Morgan Sansous, Saxphone T\\u00e9nor : R\\u00e9gis Moreau, Saxophone alto : Ga\\u00ebl Diatta, Trompette : Herv\\u00e9 Rivi\\u00e8re\",\"artworkId\":0,\"artworkUrl\":\"\",\"format\":\"\",\"length\":\"\",\"title\":\"Not Yet\",\"order\":1,\"mp3\":\"http:\\\/\\\/download.alexandre-mesle.com\\\/musique\\\/mp3\\\/notYet.mp3\",\"meta\":{\"artist\":\"Piano : Alexandre Mesl\\u00e9, Basse : Sham Makdessi, Batterie : Morgan Sansous, Saxphone T\\u00e9nor : R\\u00e9gis Moreau, Saxophone alto : Ga\\u00ebl Diatta, Trompette : Herv\\u00e9 Rivi\\u00e8re\",\"length_formatted\":\"\"},\"src\":\"http:\\\/\\\/download.alexandre-mesle.com\\\/musique\\\/mp3\\\/notYet.mp3\",\"thumb\":{\"src\":\"\"}},{\"audioId\":0,\"audioUrl\":\"http:\\\/\\\/download.alexandre-mesle.com\\\/musique\\\/mp3\\\/demoFoogoo.mp3\",\"artist\":\"Groupe d'animation Foogoo, Batterie : Franck Salat, Chant : Laurence Nikolic et Guillaume Guidec, Basse : St\\u00e9phane Nikolic, Guitare : Serge Merchez, Claviers : Alexandre Mesl\\u00e9\",\"artworkId\":0,\"artworkUrl\":\"\",\"format\":\"\",\"length\":\"\",\"title\":\"D\\u00e9mo Foogoo\",\"order\":2,\"mp3\":\"http:\\\/\\\/download.alexandre-mesle.com\\\/musique\\\/mp3\\\/demoFoogoo.mp3\",\"meta\":{\"artist\":\"Groupe d'animation Foogoo, Batterie : Franck Salat, Chant : Laurence Nikolic et Guillaume Guidec, Basse : St\\u00e9phane Nikolic, Guitare : Serge Merchez, Claviers : Alexandre Mesl\\u00e9\",\"length_formatted\":\"\"},\"src\":\"http:\\\/\\\/download.alexandre-mesle.com\\\/musique\\\/mp3\\\/demoFoogoo.mp3\",\"thumb\":{\"src\":\"\"}},{\"audioId\":0,\"audioUrl\":\"http:\\\/\\\/download.alexandre-mesle.com\\\/musique\\\/mp3\\\/autumnLeaves.mp3\",\"artist\":\"Saxophone : R\\u00e9gis Moreau, Piano : Alexandre Mesl\\u00e9\",\"artworkId\":0,\"artworkUrl\":\"\",\"format\":\"\",\"length\":\"\",\"title\":\"Autumn Leaves\",\"order\":3,\"mp3\":\"http:\\\/\\\/download.alexandre-mesle.com\\\/musique\\\/mp3\\\/autumnLeaves.mp3\",\"meta\":{\"artist\":\"Saxophone : R\\u00e9gis Moreau, Piano : Alexandre Mesl\\u00e9\",\"length_formatted\":\"\"},\"src\":\"http:\\\/\\\/download.alexandre-mesle.com\\\/musique\\\/mp3\\\/autumnLeaves.mp3\",\"thumb\":{\"src\":\"\"}},{\"audioId\":0,\"audioUrl\":\"http:\\\/\\\/download.alexandre-mesle.com\\\/musique\\\/mp3\\\/myPrince.mp3\",\"artist\":\"Saxophone : R\\u00e9gis Moreau, Piano : Alexandre Mesl\\u00e9\",\"artworkId\":0,\"artworkUrl\":\"\",\"format\":\"\",\"length\":\"\",\"title\":\"Someday my Prince Will Come\",\"order\":4,\"mp3\":\"http:\\\/\\\/download.alexandre-mesle.com\\\/musique\\\/mp3\\\/myPrince.mp3\",\"meta\":{\"artist\":\"Saxophone : R\\u00e9gis Moreau, Piano : Alexandre Mesl\\u00e9\",\"length_formatted\":\"\"},\"src\":\"http:\\\/\\\/download.alexandre-mesle.com\\\/musique\\\/mp3\\\/myPrince.mp3\",\"thumb\":{\"src\":\"\"}}]}<\/script>\n\t\t<\/div><\/p>\n","protected":false},"excerpt":{"rendered":"<p>Voici quelques morceaux dans lesquels je joue du piano (ou de la basse).<\/p>\n","protected":false},"author":1,"featured_media":0,"parent":22,"menu_order":0,"comment_status":"closed","ping_status":"closed","template":"","meta":{"jetpack_post_was_ever_published":false,"footnotes":""},"class_list":["post-70","page","type-page","status-publish","hentry"],"jetpack_sharing_enabled":true,"jetpack_shortlink":"https:\/\/wp.me\/P8i9jg-18","jetpack-related-posts":[],"_links":{"self":[{"href":"https:\/\/www.alexandre-mesle.com\/index.php\/wp-json\/wp\/v2\/pages\/70","targetHints":{"allow":["GET"]}}],"collection":[{"href":"https:\/\/www.alexandre-mesle.com\/index.php\/wp-json\/wp\/v2\/pages"}],"about":[{"href":"https:\/\/www.alexandre-mesle.com\/index.php\/wp-json\/wp\/v2\/types\/page"}],"author":[{"embeddable":true,"href":"https:\/\/www.alexandre-mesle.com\/index.php\/wp-json\/wp\/v2\/users\/1"}],"replies":[{"embeddable":true,"href":"https:\/\/www.alexandre-mesle.com\/index.php\/wp-json\/wp\/v2\/comments?post=70"}],"version-history":[{"count":11,"href":"https:\/\/www.alexandre-mesle.com\/index.php\/wp-json\/wp\/v2\/pages\/70\/revisions"}],"predecessor-version":[{"id":192,"href":"https:\/\/www.alexandre-mesle.com\/index.php\/wp-json\/wp\/v2\/pages\/70\/revisions\/192"}],"up":[{"embeddable":true,"href":"https:\/\/www.alexandre-mesle.com\/index.php\/wp-json\/wp\/v2\/pages\/22"}],"wp:attachment":[{"href":"https:\/\/www.alexandre-mesle.com\/index.php\/wp-json\/wp\/v2\/media?parent=70"}],"curies":[{"name":"wp","href":"https:\/\/api.w.org\/{rel}","templated":true}]}}