{"id":68,"date":"2016-02-09T15:38:55","date_gmt":"2016-02-09T13:38:55","guid":{"rendered":"http:\/\/wp.alexandre-mesle.com\/?page_id=68"},"modified":"2016-02-09T15:38:55","modified_gmt":"2016-02-09T13:38:55","slug":"tutos","status":"publish","type":"page","link":"https:\/\/www.alexandre-mesle.com\/index.php\/musique\/tutos\/","title":{"rendered":"Tutos"},"content":{"rendered":"<p>Accords, tonalit\u00e9s, harmoniques, temp\u00e9raments&#8230; Bient\u00f4t ces mots myst\u00e9rieux n&rsquo;auront plus de secret pour vous ! Du moins, quand j&rsquo;aurai termin\u00e9 de r\u00e9diger quelques notes \u00e0 ces sujets<\/p>\n","protected":false},"excerpt":{"rendered":"<p>Accords, tonalit\u00e9s, harmoniques, temp\u00e9raments&#8230; Bient\u00f4t ces mots myst\u00e9rieux n&rsquo;auront plus de secret pour vous ! Du moins, quand j&rsquo;aurai termin\u00e9 de r\u00e9diger quelques notes \u00e0 ces sujets<\/p>\n","protected":false},"author":1,"featured_media":0,"parent":22,"menu_order":0,"comment_status":"closed","ping_status":"closed","template":"","meta":{"jetpack_post_was_ever_published":false,"footnotes":""},"class_list":["post-68","page","type-page","status-publish","hentry"],"jetpack_sharing_enabled":true,"jetpack_shortlink":"https:\/\/wp.me\/P8i9jg-16","jetpack-related-posts":[],"_links":{"self":[{"href":"https:\/\/www.alexandre-mesle.com\/index.php\/wp-json\/wp\/v2\/pages\/68","targetHints":{"allow":["GET"]}}],"collection":[{"href":"https:\/\/www.alexandre-mesle.com\/index.php\/wp-json\/wp\/v2\/pages"}],"about":[{"href":"https:\/\/www.alexandre-mesle.com\/index.php\/wp-json\/wp\/v2\/types\/page"}],"author":[{"embeddable":true,"href":"https:\/\/www.alexandre-mesle.com\/index.php\/wp-json\/wp\/v2\/users\/1"}],"replies":[{"embeddable":true,"href":"https:\/\/www.alexandre-mesle.com\/index.php\/wp-json\/wp\/v2\/comments?post=68"}],"version-history":[{"count":1,"href":"https:\/\/www.alexandre-mesle.com\/index.php\/wp-json\/wp\/v2\/pages\/68\/revisions"}],"predecessor-version":[{"id":69,"href":"https:\/\/www.alexandre-mesle.com\/index.php\/wp-json\/wp\/v2\/pages\/68\/revisions\/69"}],"up":[{"embeddable":true,"href":"https:\/\/www.alexandre-mesle.com\/index.php\/wp-json\/wp\/v2\/pages\/22"}],"wp:attachment":[{"href":"https:\/\/www.alexandre-mesle.com\/index.php\/wp-json\/wp\/v2\/media?parent=68"}],"curies":[{"name":"wp","href":"https:\/\/api.w.org\/{rel}","templated":true}]}}