{"id":66,"date":"2016-02-09T15:37:55","date_gmt":"2016-02-09T13:37:55","guid":{"rendered":"http:\/\/wp.alexandre-mesle.com\/?page_id=66"},"modified":"2016-02-15T16:43:40","modified_gmt":"2016-02-15T14:43:40","slug":"transcriptions","status":"publish","type":"page","link":"https:\/\/www.alexandre-mesle.com\/index.php\/musique\/transcriptions\/","title":{"rendered":"Transcriptions"},"content":{"rendered":"<p>Voici quelques <a href=\"http:\/\/download.alexandre-mesle.com\/musique\/releves\/\">transcriptions<\/a> effectu\u00e9es par mes doigts potel\u00e9s et mises \u00e0 la disposition de tous. J&rsquo;esp\u00e8re qu&rsquo;elles permettront \u00e0 bon nombre de musiciens d&rsquo;\u00e9conomiser des heures laborieuses de repiquage !<\/p>\n","protected":false},"excerpt":{"rendered":"<p>Voici quelques transcriptions effectu\u00e9es par mes doigts potel\u00e9s et mises \u00e0 la disposition de tous. J&rsquo;esp\u00e8re qu&rsquo;elles permettront \u00e0 bon nombre de musiciens d&rsquo;\u00e9conomiser des heures laborieuses de repiquage !<\/p>\n","protected":false},"author":1,"featured_media":0,"parent":22,"menu_order":0,"comment_status":"closed","ping_status":"closed","template":"","meta":{"jetpack_post_was_ever_published":false,"footnotes":""},"class_list":["post-66","page","type-page","status-publish","hentry"],"jetpack_sharing_enabled":true,"jetpack_shortlink":"https:\/\/wp.me\/P8i9jg-14","jetpack-related-posts":[],"_links":{"self":[{"href":"https:\/\/www.alexandre-mesle.com\/index.php\/wp-json\/wp\/v2\/pages\/66","targetHints":{"allow":["GET"]}}],"collection":[{"href":"https:\/\/www.alexandre-mesle.com\/index.php\/wp-json\/wp\/v2\/pages"}],"about":[{"href":"https:\/\/www.alexandre-mesle.com\/index.php\/wp-json\/wp\/v2\/types\/page"}],"author":[{"embeddable":true,"href":"https:\/\/www.alexandre-mesle.com\/index.php\/wp-json\/wp\/v2\/users\/1"}],"replies":[{"embeddable":true,"href":"https:\/\/www.alexandre-mesle.com\/index.php\/wp-json\/wp\/v2\/comments?post=66"}],"version-history":[{"count":2,"href":"https:\/\/www.alexandre-mesle.com\/index.php\/wp-json\/wp\/v2\/pages\/66\/revisions"}],"predecessor-version":[{"id":181,"href":"https:\/\/www.alexandre-mesle.com\/index.php\/wp-json\/wp\/v2\/pages\/66\/revisions\/181"}],"up":[{"embeddable":true,"href":"https:\/\/www.alexandre-mesle.com\/index.php\/wp-json\/wp\/v2\/pages\/22"}],"wp:attachment":[{"href":"https:\/\/www.alexandre-mesle.com\/index.php\/wp-json\/wp\/v2\/media?parent=66"}],"curies":[{"name":"wp","href":"https:\/\/api.w.org\/{rel}","templated":true}]}}