{"id":38,"date":"2016-01-31T23:01:50","date_gmt":"2016-01-31T21:01:50","guid":{"rendered":"http:\/\/wp.alexandre-mesle.com\/?page_id=38"},"modified":"2018-08-27T09:33:30","modified_gmt":"2018-08-27T07:33:30","slug":"enseignement","status":"publish","type":"page","link":"https:\/\/www.alexandre-mesle.com\/index.php\/enseignement\/","title":{"rendered":"Enseignement"},"content":{"rendered":"<p>Voici quelques supports de cours que je donne (ou ai donn\u00e9). Certains commencent \u00e0 dater (voire sont obsol\u00e8tes), mais je les laisse au cas o\u00f9 ils seraient utiles.<\/p>\n<!-- Beginning of Link Library Output --><div id='linklist1' class='linklist'><!-- Div Linklist -->\n<div class=\"LinkLibraryCat LinkLibraryCat36 level0\"><!-- Div Category --><div id=\"enseignement\"><!-- Div Category Name --><div class=\"linklistcatname\"><!-- Div Cat Name --><span class=\"linklistcatclass\">Enseignement<\/span><\/div><!-- DivOrHeader --><\/div><!-- Div Category Name --><table>\n\t<table class='linklisttable'>\n<tr><td><a href=\"http:\/\/alexandre-mesle.com\/index.php\/enseignement\/algorithmique\/\" id=\"link-448\" class=\"track_this_link \" rel=\"noopener noreferrer\" title=\"Algorithmique\"><img decoding=\"async\" src=\"https:\/\/www.robothumb.com\/src\/?url=http:\/\/alexandre-mesle.com\/index.php\/enseignement\/algorithmique\/&size=120x90\"\/><\/a><\/td><td><a href=\"http:\/\/alexandre-mesle.com\/index.php\/enseignement\/algorithmique\/\" id=\"link-448\" class=\"track_this_link \" rel=\"noopener noreferrer\">Algorithmique<\/a>\nAlgorithmique (niveau BTS, maths sup, licence, master)<\/d><\/tr>\n<tr><td><a href=\"http:\/\/alexandre-mesle.com\/index.php\/enseignement\/bases-de-donnees\/\" id=\"link-449\" class=\"track_this_link \" rel=\"noopener noreferrer\" title=\"Bases de donn\u00e9es\"><img decoding=\"async\" src=\"https:\/\/www.robothumb.com\/src\/?url=http:\/\/alexandre-mesle.com\/index.php\/enseignement\/bases-de-donnees\/&size=120x90\"\/><\/a><\/td><td><a href=\"http:\/\/alexandre-mesle.com\/index.php\/enseignement\/bases-de-donnees\/\" id=\"link-449\" class=\"track_this_link \" rel=\"noopener noreferrer\">Bases de donn\u00e9es<\/a>\nAnalyse et sql, niveau BTS<\/d><\/tr>\n<tr><td><a href=\"http:\/\/alexandre-mesle.com\/index.php\/enseignement\/mathematiques\/\" id=\"link-450\" class=\"track_this_link \" rel=\"noopener noreferrer\" title=\"Math\u00e9matiques\"><img decoding=\"async\" src=\"https:\/\/www.robothumb.com\/src\/?url=http:\/\/alexandre-mesle.com\/index.php\/enseignement\/mathematiques\/&size=120x90\"\/><\/a><\/td><td><a href=\"http:\/\/alexandre-mesle.com\/index.php\/enseignement\/mathematiques\/\" id=\"link-450\" class=\"track_this_link \" rel=\"noopener noreferrer\">Math\u00e9matiques<\/a>\nMaths appliqu\u00e9es, maths discr\u00e8tes, probabilit\u00e9s.<\/d><\/tr>\n<tr><td><a href=\"http:\/\/alexandre-mesle.com\/index.php\/enseignement\/programmation\/\" id=\"link-451\" class=\"track_this_link \" rel=\"noopener noreferrer\" title=\"Programmation\"><img decoding=\"async\" src=\"https:\/\/www.robothumb.com\/src\/?url=http:\/\/alexandre-mesle.com\/index.php\/enseignement\/programmation\/&size=120x90\"\/><\/a><\/td><td><a href=\"http:\/\/alexandre-mesle.com\/index.php\/enseignement\/programmation\/\" id=\"link-451\" class=\"track_this_link \" rel=\"noopener noreferrer\">Programmation<\/a>\nLangages C, C#, Perl, Java, Python<\/d><\/tr>\n\t<\/table>\n<\/table><\/div><!-- Div End Category -->\n<div class=\"llthumbshotsnotice\"><a href=\"http:\/\/www.robothumb.com\" target=\"_blank\">Captures d'\u00e9cran par Robothumb<\/a><\/div><script data-jetpack-boost=\"ignore\" type='text\/javascript'>\njQuery(document).ready(function()\n{\njQuery('.arrow-up').hide();\njQuery('#linklist1 a.track_this_link').click(function() {\nlinkid = this.id;\nlinkid = linkid.substring(5);\npath = '';\njQuery.ajax( {    type: 'POST',    url: 'https:\/\/www.alexandre-mesle.com\/wp-admin\/admin-ajax.php',     data: { action: 'link_library_tracker',             _ajax_nonce: 'ce5c7d38cf',             id:linkid, xpath:path }     });\nreturn true;\n});\njQuery('#linklist1 .expandlinks').click(function() {\ntarget = '.' + jQuery(this).attr('id');\nsubcattarget = '.' + jQuery(this).attr('data-subcat');\nif ( jQuery( target ).is(':visible') ) {\njQuery(target).slideUp();\njQuery(subcattarget).slideToggle();\njQuery(this).children('img').attr('src', 'https:\/\/www.alexandre-mesle.com\/wp-content\/plugins\/link-library\/icons\/expand-32.png');\n} else {\njQuery(target).slideDown();\njQuery(subcattarget).slideToggle();\njQuery(this).children('img').attr('src', 'https:\/\/www.alexandre-mesle.com\/wp-content\/plugins\/link-library\/icons\/collapse-32.png');\n}\n});\njQuery('#linklist1 .linklistcatclass').click(function() {\njQuery(this).siblings('.expandlinks').click();\n});\njQuery('#linklist1 .linklistcatnamedesc').click(function() {\njQuery(this).siblings('.expandlinks').click();\n});\n});\n<\/script>\n<\/div><!-- Div Linklist -->\n<!-- End of Link Library Output -->\n\n\n","protected":false},"excerpt":{"rendered":"<p>Voici quelques supports de cours que je donne (ou ai donn\u00e9). Certains commencent \u00e0 dater (voire sont obsol\u00e8tes), mais je les laisse au cas o\u00f9 ils seraient utiles.<\/p>\n","protected":false},"author":1,"featured_media":0,"parent":0,"menu_order":0,"comment_status":"closed","ping_status":"closed","template":"","meta":{"jetpack_post_was_ever_published":false,"footnotes":""},"class_list":["post-38","page","type-page","status-publish","hentry"],"jetpack_sharing_enabled":true,"jetpack_shortlink":"https:\/\/wp.me\/P8i9jg-C","jetpack-related-posts":[],"_links":{"self":[{"href":"https:\/\/www.alexandre-mesle.com\/index.php\/wp-json\/wp\/v2\/pages\/38","targetHints":{"allow":["GET"]}}],"collection":[{"href":"https:\/\/www.alexandre-mesle.com\/index.php\/wp-json\/wp\/v2\/pages"}],"about":[{"href":"https:\/\/www.alexandre-mesle.com\/index.php\/wp-json\/wp\/v2\/types\/page"}],"author":[{"embeddable":true,"href":"https:\/\/www.alexandre-mesle.com\/index.php\/wp-json\/wp\/v2\/users\/1"}],"replies":[{"embeddable":true,"href":"https:\/\/www.alexandre-mesle.com\/index.php\/wp-json\/wp\/v2\/comments?post=38"}],"version-history":[{"count":4,"href":"https:\/\/www.alexandre-mesle.com\/index.php\/wp-json\/wp\/v2\/pages\/38\/revisions"}],"predecessor-version":[{"id":456,"href":"https:\/\/www.alexandre-mesle.com\/index.php\/wp-json\/wp\/v2\/pages\/38\/revisions\/456"}],"wp:attachment":[{"href":"https:\/\/www.alexandre-mesle.com\/index.php\/wp-json\/wp\/v2\/media?parent=38"}],"curies":[{"name":"wp","href":"https:\/\/api.w.org\/{rel}","templated":true}]}}