{"id":2,"date":"2015-12-30T16:59:09","date_gmt":"2015-12-30T16:59:09","guid":{"rendered":"http:\/\/wp.alexandre-mesle.com\/?page_id=2"},"modified":"2016-01-29T14:09:56","modified_gmt":"2016-01-29T14:09:56","slug":"sample-page","status":"publish","type":"page","link":"https:\/\/www.alexandre-mesle.com\/","title":{"rendered":"Accueil"},"content":{"rendered":"<p>N&rsquo;y a-t-il pas d\u00e9j\u00e0 suffisamment de pages sur le Web ? Pourquoi un site de plus ? Qu&rsquo;est-ce que je pourrais bien avoir d&rsquo;int\u00e9ressant \u00e0 raconter ?<\/p>\n<p>Remarquons que bon nombre de sites sont destin\u00e9s \u00e0 satisfaire l&rsquo;ego de leur cr\u00e9ateur. Mais le public de ces pages est essentiellement constitu\u00e9 d&rsquo;\u00e9tudiants qui plut\u00f4t que lire mes divagations, vont directement chercher ce dont ils ont besoin dans les pages de cours. Se faire admirer par deux tondus et trois pel\u00e9s passant par hasard ou par erreur pourrait donc difficilement combler un orgueil d\u00e9mesur\u00e9. Ce qui nous ram\u00e8ne \u00e0 la premi\u00e8re question : qu&rsquo;est-ce que ces pages font sur la toile ? Pourquoi suis-je en train de perdre mon temps \u00e0 \u00e9crire ces lignes ?<\/p>\n<p>Tout d&rsquo;abord parce que j&rsquo;ai la m\u00e9moire comme une passoire et que j&rsquo;oublie tout ce que je ne note pas. Ou alors je perds tout ce que je note. Un des premiers rem\u00e8de contre la perte et l&rsquo;oubli est de mettre les informations\u00a0\u00e0 prot\u00e9ger sur le Net, avec comme petit inconv\u00e9nient\u00a0qu&rsquo;on les partage alors avec le reste de la plan\u00e8te. Vous vous douterez donc que je n&rsquo;\u00e9crirai pas tout&#8230; Je me vois mal mettre une liste de courses sur ces pages : on s&#8217;empresserait de me faire des commentaires sur mon shampoing favori ou ma bi\u00e8re pr\u00e9f\u00e9r\u00e9e ! Je n&rsquo;ai par contre aucune r\u00e9ticence \u00e0 mettre en ligne\u00a0l&rsquo;historique de mes concerts publics, ou encore la description de divers probl\u00e8mes informatiques. Vous trouverez cela \u00e9trange, mais ce sont des choses que je pourrais oublier si je ne les notais pas !<\/p>\n<p>Je ne m&rsquo;avancerai pas jusqu&rsquo;\u00e0 dire que j&rsquo;ai peur d&rsquo;oublier mon CV ou mon prochain concert, ces informations sont plut\u00f4t des nouvelles (plus tr\u00e8s r\u00e9centes certes), ou plut\u00f4t des actualit\u00e9s. Ces actualit\u00e9s ne sont certes pas tr\u00e8s fournies, mais en m\u00eame temps je ne peux pas en diffuser un trop grand nombre ! Comme je ne voudrais pas qu&rsquo;elles aient des retomb\u00e9es sur ma vie professionnelle, j&rsquo;\u00e9pargnerai \u00e0 ces pages quelques aspects de ma vie : gastronomique, financier, philosophique,&#8230; Bref : il ne restera pas grand-chose pour les lecteurs curieux qui esp\u00e9raient trouver ma marque de dentifrice habituelle ou les r\u00e9glages de mon lave-linge.<\/p>\n<p>Vous ne trouverez donc ici qu&rsquo;un ramassis de banalit\u00e9s et de lieux communs : des extraits de ma pens\u00e9e profonde, des r\u00e9cits de mes d\u00e9boires techniques (vous y trouverez mati\u00e8re \u00e0 jubilation ou a admiration), des liens soit vers des pages tr\u00e8s s\u00e9rieuses qui vous livreront les secrets de ma science (vous y trouverez mati\u00e8re \u00e0 \u00e9dification ou \u00e0 agacement&#8230;), ou bien vers des pages recelant les sommets (ou plut\u00f4t les abysses&#8230;) de la\u00a0connerie. Ne lisez donc ces pages que si vous ne cherchez rien de pr\u00e9cis, parce que dans le cas contraire, vous risqueriez de perdre un temps pr\u00e9cieux.<\/p>\n","protected":false},"excerpt":{"rendered":"<p>N&rsquo;y a-t-il pas d\u00e9j\u00e0 suffisamment de pages sur le Web ? Pourquoi un site de plus ? Qu&rsquo;est-ce que je pourrais bien avoir d&rsquo;int\u00e9ressant \u00e0 raconter ? Remarquons que bon nombre de sites sont destin\u00e9s \u00e0 satisfaire l&rsquo;ego de leur&#8230; <a class=\"more-link\" href=\"https:\/\/www.alexandre-mesle.com\/\">Continue Reading &rarr;<\/a><\/p>\n","protected":false},"author":1,"featured_media":0,"parent":0,"menu_order":0,"comment_status":"closed","ping_status":"open","template":"","meta":{"jetpack_post_was_ever_published":false,"footnotes":""},"class_list":["post-2","page","type-page","status-publish","hentry"],"jetpack_sharing_enabled":true,"jetpack_shortlink":"https:\/\/wp.me\/P8i9jg-2","jetpack-related-posts":[],"_links":{"self":[{"href":"https:\/\/www.alexandre-mesle.com\/index.php\/wp-json\/wp\/v2\/pages\/2","targetHints":{"allow":["GET"]}}],"collection":[{"href":"https:\/\/www.alexandre-mesle.com\/index.php\/wp-json\/wp\/v2\/pages"}],"about":[{"href":"https:\/\/www.alexandre-mesle.com\/index.php\/wp-json\/wp\/v2\/types\/page"}],"author":[{"embeddable":true,"href":"https:\/\/www.alexandre-mesle.com\/index.php\/wp-json\/wp\/v2\/users\/1"}],"replies":[{"embeddable":true,"href":"https:\/\/www.alexandre-mesle.com\/index.php\/wp-json\/wp\/v2\/comments?post=2"}],"version-history":[{"count":2,"href":"https:\/\/www.alexandre-mesle.com\/index.php\/wp-json\/wp\/v2\/pages\/2\/revisions"}],"predecessor-version":[{"id":9,"href":"https:\/\/www.alexandre-mesle.com\/index.php\/wp-json\/wp\/v2\/pages\/2\/revisions\/9"}],"wp:attachment":[{"href":"https:\/\/www.alexandre-mesle.com\/index.php\/wp-json\/wp\/v2\/media?parent=2"}],"curies":[{"name":"wp","href":"https:\/\/api.w.org\/{rel}","templated":true}]}}